{"id":117,"date":"2024-02-15T15:18:05","date_gmt":"2024-02-15T12:18:05","guid":{"rendered":"https:\/\/www.halukcabuk.com\/en\/?page_id=117"},"modified":"2024-09-13T13:30:34","modified_gmt":"2024-09-13T10:30:34","slug":"about-us","status":"publish","type":"page","link":"https:\/\/www.halukcabuk.com\/en\/about-us\/","title":{"rendered":"About Us"},"content":{"rendered":"<p>I was born in Adana in 1983. After completing my primary and secondary education, I was accepted to Mersin Science High School, then Hacettepe University English Faculty of Medicine. After graduating from medical school in 2007, I started my orthopedics and traumatology training at \u0130zmir Atat\u00fcrk Training and Research Hospital in 2008. In 2013, I received the title of Orthopedics and Traumatology Specialist and was assigned to Okmeydan\u0131 Training and Research Hospital. Here, I became a member of the Turkish Orthopedic Education Association and also obtained the Turkish board certificate.<\/p>\n<p>In 2017, I won a traveling education scholarship abroad given by TOTBID and worked as a clinical fellow at the Go:Sports Clinic in Hannover, Germany, under the supervision of Prof. Dr. P. Lobenhoffer. Here, I received training in advanced techniques and applications, especially on the knee, hip and shoulder joints.<\/p>\n<p>In 2018, I received the title of associate professor after authoring more than 50 scientific publications, hundreds of papers and book chapters. I started at \u0130stinye University, Department of Orthopedics and Traumatology in 2019. I served as the department coordinator, university education committee member and associate professor representative.<\/p>\n<p>I received the title of professor in 2024 and I am currently serving my patients in my private clinic.<\/p>\n<p>My special areas of interest include advanced sports surgery, arthroscopic anterior cruciate ligament and meniscus injuries, knee surgery, arthroplasty (knee and hip prostheses), robotic-assisted prostheses, sports injury surgery and arthroscopic surgeries, and hip area sports injuries and advanced hip arthroplasty (prosthesis) surgery.<\/p>\n<p>I am married and have two children.<\/p>\n<h3>Publications<\/h3>\n<ol>\n<li>Mechanoreceptors of the ligaments and tendons around the knee<\/li>\n<\/ol>\n<p>H \u00c7abuk, F Suspicion \u00c7abuk Clinical Anatomy 29 (6), 789-795<\/p>\n<ol>\n<li>Lower numbers of mechanoreceptors in the posterior cruciate ligament and anterior capsule of the osteoarthritic knees<\/li>\n<\/ol>\n<p>H \u00c7abuk, F Ku\u015fku \u00c7abuk, A\u00c7 Tekin, SS Dedeo\u011flu, M \u00c7akar, &#8230; Knee Surgery, Sports Traumatology, Arthroscopy 25, 3146-3154<\/p>\n<ol>\n<li>Association between vitamin D concentrations and knee pain in patients with osteoarthritis<\/li>\n<\/ol>\n<p>M Cakar, S Ayanoglu, H Cabuk, M Seyran, SS Dedeoglu, H Gurbuz<\/p>\n<p>PeerJ 6, e4670<\/p>\n<ol>\n<li>Mini-plate fixation via sinus tarsi approach is superior to cannulated screw in intra-articular calcaneal fractures: A prospective randomized study<\/li>\n<\/ol>\n<p>MC Kir, S Ayanoglu, H Cabuk, SS Dedeoglu, Y Imren, B Karslioglu, .Journal of Orthopedic Surgery 26 (3), 2309499018792742<\/p>\n<ol>\n<li>Assessment of biocompatibility of novel TiTaHf-based high entropy alloys for utility in orthopedic implants<\/li>\n<\/ol>\n<p>S Gurel, A Nazarahari, D Canadinc, H \u00c7abuk, B Bal<\/p>\n<p>Materials Chemistry and Physics 266, 124573<\/p>\n<ol>\n<li>The effect of diclofenac on matrix metalloproteinase levels in the rotator cuff<\/li>\n<\/ol>\n<p>H Cabuk, A Avci, H Durmaz, FK \u00c7abuk, F Ertem, I Muhittin \u015eener<\/p>\n<p>Archives of orthopedic and trauma surgery 134, 1739-1744<\/p>\n<ol>\n<li>Inferior hip dislocation after falling from height: A case report<\/li>\n<\/ol>\n<p>AC Tekin, H \u00c7abuk, CD B\u00fcy\u00fckkurt, SS Dedeo\u011flu, Y \u0130mren, H G\u00fcrb\u00fcz<\/p>\n<p>International journal of surgery case reports 22, 62-65<\/p>\n<ol>\n<li>Anterograde headless cannulated screw fixation in the treatment of medial malleolar fractures: evaluation of a new technique and its outcomes<\/li>\n<\/ol>\n<p>AC Tekin, H \u00c7abuk, SS Dedeo\u011flu, MS Sayg\u0131l\u0131, M Ada\u015f, CD B\u00fcy\u00fckkurt, ..Medical Principles and Practice 25 (5), 429-434<\/p>\n<ol>\n<li>Results of minimally invasive coracoclavicular fixation by double button lift-up system in Neer type II distal clavicle fractures<\/li>\n<\/ol>\n<p>SS Dedeoglu, Y Imren, H Cabuk, M Cakar, SM Arslan, CZ Esenyel<\/p>\n<p>Journal of Orthopedic Surgery 25 (1), 2309499016684722<\/p>\n<ol>\n<li>Outcome of type 3 open tibial diaphyseal fractures managed with a limb reconstruction system: analysis of a 49-patient cohort<\/li>\n<\/ol>\n<p>AC Tekin, MS Saygili, M Adash, H Cabuk, SM Arslan, SS Dedeoglu<\/p>\n<p>Medical Principles and Practice 25 (3), 270-275<\/p>\n<ol>\n<li>From corrosion behavior to radiation response: A comprehensive biocompatibility assessment of a CoCrMo medium entropy alloy for utility in orthopedic and dental implants<\/li>\n<\/ol>\n<p>S Gurel, A Nazarahari, D Canadin\u00e7, G Gerstein, HJ Maier, H \u00c7abuk, &#8230;<\/p>\n<p>Intermetallics 149, 107680<\/p>\n<ol>\n<li>Arthroscopy-assisted versus standard intramedullary nail fixation in diaphyseal fractures of the humerus<\/li>\n<\/ol>\n<p>SS Dedeo\u011flu, Y \u0130mren, H Cabuk, A\u00c7 Tekin, MC K\u0131r, H G\u00fcrb\u00fcz<\/p>\n<p>Journal of Orthopedic Surgery 25 (3), 2309499017727949<\/p>\n<ol>\n<li>Infrapatellar fat pad excision during total knee arthroplasty did not alter the patellar tendon length: a 5-year follow-up study<\/li>\n<\/ol>\n<p>Y Imren, SS Dedeoglu, M Cakar, H Cabuk, TO Bayraktar, H Gurbuz<\/p>\n<p>The Journal of Knee Surgery 30 (05), 479-483 12<\/p>\n<ol>\n<li>Compatibility of Lauge-Hansen classification between plain radiographs and magnetic resonance imaging in ankle fractures<\/li>\n<\/ol>\n<p>H \u00c7abuk, F \u00c7elebi, Y \u0130mren, SS Dedeo\u011flu, MC K\u0131r, AF Uyan\u0131k, H G\u00fcrb\u00fcz<\/p>\n<p>The Journal of Foot and Ankle Surgery 57 (4), 712-715<\/p>\n<ol>\n<li>High varus angle and lower posterior tibial slope associated with PCL injury in cruciate retaining total knee arthroplasty: an MRI study<\/li>\n<\/ol>\n<p>H \u00c7abuk, Y \u0130mren, A\u00c7 Tekin, SS Dedeo\u011flu, H G\u00fcrb\u00fcz<\/p>\n<p>The Journal of Knee Surgery 31 (03), 277-283 11<\/p>\n<ol>\n<li>The time from injury to surgery is an important factor affecting the mechanoreceptors at stump of torn anterior cruciate ligament<\/li>\n<\/ol>\n<p>H Quick, F Doubt Quick, K Turan<\/p>\n<p>Archives of Orthopedic and Trauma Surgery 142 (11), 3389-3393<\/p>\n<ol>\n<li>Increased acromiohumeral distance in a double-row arthroscopic rotator cuff surgery compared to a single-row surgery after 12 months<\/li>\n<\/ol>\n<p>K Turan, H \u00c7abuk, C K\u00f6ro\u011flu, \u00c7 \u00d6zt\u00fcrk<\/p>\n<p>Journal of Orthopedic Surgery and Research 16 (1), 385<\/p>\n<ol>\n<li>Medial spike and obesity associate with open reduction in type III supracondylar humeral fracture<\/li>\n<\/ol>\n<p>H \u00c7abuk, SS Dedeo\u011flu, M Ada\u015f, A\u00c7 Tekin, M Seyran, S Ayano\u011flu<\/p>\n<p>Acta Chir Orthop Traumatol Cech 83 (2), 102-105<\/p>\n<ol>\n<li>Results of percutaneous fixation and distal radius core decompression in scaphoid waist non-unions treated without grafting<\/li>\n<\/ol>\n<p>SS Dedeo\u011flu, Y Imren, H Cabuk, AC Tekin, YC T\u00fcre, H G\u00fcrb\u00fcz<\/p>\n<p>Hand Surgery and Rehabilitation 37 (1), 43-47<\/p>\n<ol>\n<li>The results of bone deformity correction using a spider frame with web-based software for lower extremity long bone deformities<\/li>\n<\/ol>\n<p>AC Tekin, H \u00c7abuk, SS Dedeo\u011flu, MS Sayg\u0131l\u0131, M Ada\u015f, CZ Esenyel, &#8230;<\/p>\n<p>SICOT-J 2<\/p>\n<ol>\n<li>Predictive value of different radiographic parameters evaluating the proximal femoral geometry for hip fracture in the elderly: what is the role of the true moment arm?<\/li>\n<\/ol>\n<p>Y Imren, H Sofu, SS Dedeoglu, EE Desteli, H Cabuk, MC Kir<\/p>\n<p>Archives of Medical Science-Civilization Diseases 1 (1), 58-62 7<\/p>\n<ol>\n<li>Pelvic migration of lag screw following fixation of an intertrochanteric femur fracture with proximal femoral nail<\/li>\n<\/ol>\n<p>S Ak\u00e7ay, IS Sato\u011flu, H \u00c7abuk, K Turan<\/p>\n<p>JAREM 3 (1), 44-6<\/p>\n<ol>\n<li>Ultrasonography view for acute ankle injury: comparison of ultrasonography and magnetic resonance imaging<\/li>\n<\/ol>\n<p>T Ergun, A Peker, MN Aybay, K Turan, OG Muratoglu, H \u00c7abuk<\/p>\n<p>Archives of Orthopedic and Trauma Surgery 143 (3), 1531-1536<\/p>\n<ol>\n<li>Comparison of pain, muscle strength, and functional status following unicompartmental knee arthroplasty, Total knee arthroplasty, and conservative management of gonarthrosis<\/li>\n<\/ol>\n<p>S Atar, E Demirhan, H Cabuk, K Turan, SS Dedeoglu, \u00d6 Kuru<\/p>\n<p>Indian Journal of Orthopedics, 1-9<\/p>\n<ol>\n<li>Is medial calcar continuity necessary in plate osteosynthesis for proximal humerus fractures?<\/li>\n<\/ol>\n<p>CZ Esenyel, I Kalkar, M Ada\u015f, SS Dedeo\u011flu, CD B\u00fcy\u00fckkurt, H Cabuk, &#8230;<\/p>\n<p>Nigerian Journal of Clinical Practice 21 (3), 362-366<\/p>\n<ol>\n<li>Treatment Of Ingrown Toenail with a Minimally Invasive Nail Fixator: Comparative Study with Winograd Technique<\/li>\n<\/ol>\n<p>T Ergun, M Korkmaz, D Ergun, K Turan, OG Muratoglu, H Cabuk<\/p>\n<p>Journal of the American Podiatric Medical Association 114 (1)<\/p>\n<ol>\n<li>Ultrasonography view for acute ankle injury: comparison of ultrasonography and magnetic resonance imaging<\/li>\n<\/ol>\n<p>T Ergun, A Peker, MN Aybay, K Turan, OG Muratoglu, H Cabuk<\/p>\n<p>ARCHIVES OF ORTHOPAEDIC AND TRAUMA SURGERY<\/p>\n<ol>\n<li>Greater presence of receptors for relaxin in the ligamentum teres of female infants who undergo open reduction for developmental dysplasia of the hip<\/li>\n<\/ol>\n<p>S Ayano\u011flu, H \u00c7abuk, F Ku\u015fku \u00c7abuk, K Beng, T Yildirim, S Uyar Bozkurt<\/p>\n<p>Journal of Orthopedic Surgery and Research 16, 1-6 4<\/p>\n<ol>\n<li>Can Intra-articular 1\u03b1, 25-Dihydroxyvitamin D3 Administration Be Therapeutical in Joint Cartilage Damage?<\/li>\n<\/ol>\n<p>E Kuyucu, H \u00c7abuk, Y G\u00fcler, F \u00c7abuk, E Kili\u00e7, M B\u00fclb\u00fcl<\/p>\n<p>Acta Chir Orthop Traumatol Cech 87 (2), 90-94<\/p>\n<ol>\n<li>Is intraarticular antibiotic administration effective in the treatment of methicillin-resistant staphylococcus aureus?<\/li>\n<\/ol>\n<p>E Kuyucu, H Quick, Y Guler, F Suspicion Quick, E Kilic, M Nightingale<\/p>\n<p>Acta Chirurgiae Orthopaedicae et Traumatologiae Cechoslovaca<\/p>\n<ol>\n<li>Effect of two different approaches by the same surgeon on component alignment in total hip arthroplasty<\/li>\n<\/ol>\n<p>SS Dedeo\u011flu, Y \u0130mren, H Quick, A\u00c7 Tekin, AF Awake<\/p>\n<p>Okmeydani Medical Journal. 33 (2), 76-81<\/p>\n<ol>\n<li>Clinical Comparison of Plate-Screw Osteosynthesis and Tension Band Technique in Simple and Comminuted Olecranon Fractures<\/li>\n<\/ol>\n<p>E\u0130 G\u00f6k\u00e7ay, H \u00c7abuk, \u0130 Kalkar, A\u00c7 Tekin, CD B\u00fcy\u00fckkurt<\/p>\n<p>Okmeydani Medical Journal<\/p>\n<ol>\n<li>Comparison of the radiological parameters between dynamic-referencing tactile guidance robotic system and Microplasty\u00ae instrumentation in unicompartmental knee arthroplasty<\/li>\n<\/ol>\n<p>H \u00c7abuk, K Turan, OG Murato\u011flu, T Erg\u00fcn, \u00c7 \u00d6zt\u00fcrk, RE Ert\u00fcrer<\/p>\n<p>Joint Diseases and Related Surgery 33 (3), 580<\/p>\n<ol>\n<li>Is there a difference between tranexamic acid application routes in hip hemiarthroplasty?<\/li>\n<\/ol>\n<p>M Yerli, Y \u0130mren, H \u00c7abuk, SS Dedeo\u011flu, A Y\u00fcce, TO Bayraktar, N Erkurt, &#8230;<\/p>\n<p>The European Research Journal 8 (5), 560-566<\/p>\n<ol>\n<li>The effect of gluteus maximus tenotomy in primary total hip arthroplasty with posterior approach: kinematic analysis of hip extensor strength<\/li>\n<\/ol>\n<p>Y Imren, B Karslioglu, SS Dedeoglu, H Cabuk, S Atar, S Gurbuz, &#8230;<\/p>\n<p>Journal of Orthopedic Surgery 29 (1), 23094990211003349<\/p>\n<ol>\n<li>Late presenting pediatric radial neck fracture: a case report and review of the literature<\/li>\n<\/ol>\n<p>K Turan, C Koroglu, H \u00c7abuk<\/p>\n<p>Journal of Orthopedic Case Reports 11 (1), 20<\/p>\n<ol>\n<li>Risk factors for mortality in delayed intertrochanteric fractures<\/li>\n<\/ol>\n<p>H Cabuk, CD Buyukkurt, AC Tekin, SS Dedeoglu, I Yunus, Y Guler<\/p>\n<p>Medicine Science 6 (3), 521-25<\/p>\n<ol>\n<li>Effects of sleeping positions on the rotator cuff pathology<\/li>\n<\/ol>\n<p>H Cabuk, S Ayanoglu, M Cakar, MK Bayraktar, CD Buyukkurt, CZ Esenyel, &#8230;<\/p>\n<p>Medical Science 4 (4) 2<\/p>\n<ol>\n<li>Arthroscopic full-thickness rotator cuff repair and clinical results<\/li>\n<\/ol>\n<p>S Ozyurek, K Turan, H Fast<\/p>\n<p>TOTBID Magazine<\/p>\n<ol>\n<li>Does the clamping method in local and systemic TXA applications in total knee arthroplasty change the game?: A retrospective comparative cohort study<\/li>\n<\/ol>\n<p>K Turan, OG Murato\u011flu, T Erg\u00fcn, H \u00c7abuk, RE Ert\u00fcrer<\/p>\n<p>Medicine 101 (38), e30823<\/p>\n<ol>\n<li>Patient levels anxiety in orthopedic outpatient clinics at hospitals with different patient population densities<\/li>\n<\/ol>\n<p>K Turan, M Tun\u00e7ez, OG Murato\u011flu, T Erg\u00fcn, H \u00c7abuk<\/p>\n<p>Journal of Surgery and Medicine 6 (2), 154-157<\/p>\n<ol>\n<li>Comment on \u201cSubacromial space volume in patients with rotator cuff tear: the effect of surgical repair\u201d by Pepe et al<\/li>\n<\/ol>\n<p>K Turan, H Quick<\/p>\n<p>Acta Orthop Traumatol Turc 55 (5), 457<\/p>\n<ol>\n<li>Editorial Commentary: knee anterolateral ligament mechanoreceptors: the first step from peripheral to central nervous system<\/li>\n<\/ol>\n<p>H Quick<\/p>\n<p>Arthroscopy: The Journal of Arthroscopic &amp; Related Surgery 35 (10), 2928-2929<\/p>\n<ol>\n<li>The epiphyseal scar joint line distance and age are important factors in determining the optimal screw length for medial malleoli fractures<\/li>\n<\/ol>\n<p>H \u00c7abuk, Y \u0130mren, SS Dedeo\u011flu, MC K\u0131r, S G\u00fcrb\u00fcz, H G\u00fcrb\u00fcz<\/p>\n<p>Injury 50 (4), 1000-1003<\/p>\n<ol>\n<li>High intermetatarsal angle hallux valgus: does modified chevron osteotomy solve the problem?<\/li>\n<\/ol>\n<p>Y Guler, C Buyukkurt, S Ayanoglu, H Gurbuz, A Tekin, B Karslioglu, H. Cabuk<\/p>\n<p>Int J Clin Exp Med 12 (3), 2973-2979<\/p>\n<ol>\n<li>Effect of diclofenac on TNF\u03b1 and HIF1\u03b1 levels in rat supraspinatus tendon repair.<\/li>\n<\/ol>\n<p>H Quick, FK Quick<\/p>\n<p>Muscles, Ligaments &amp; Tendons Journal (MLTJ) 8 (3)<\/p>\n<ol>\n<li>Evaluation of smartphone-assisted infrared thermal imaging efficiency in carpal tunnel syndrome<\/li>\n<\/ol>\n<p>K Turan, OG Murato\u011flu, T Erg\u00fcn, H \u00c7abuk<\/p>\n<p>The Egyptian Journal of Neurology, Psychiatry and Neurosurgery 60 (1), 26<\/p>\n<ol>\n<li>Mucorales-associated osteomyelitis in an immunocompetent child<\/li>\n<\/ol>\n<p>M Sutcu, M Kara, N Tekkeli, K Turan, H Cabuk<\/p>\n<p>J Clin Images Med Case Rep 5 (3), 2930<\/p>\n<ol>\n<li>Massive glomus tumor in deltoid muscle: An unusual presentation<\/li>\n<\/ol>\n<p>K Turan, H Quick<\/p>\n<p>Journal of Experimental and Clinical Medicine 41 (1), 226-228<\/p>\n<ol>\n<li>Proprioception analysis of patients with anterior cruciate ligament reconstruction<\/li>\n<\/ol>\n<p>N Erkurt, M Yerli, A Y\u00fcce, TO Bayraktar, S Atar, K Turan, H \u00c7abuk<\/p>\n<p>The European Research Journal 9 (6), 1420-1428<\/p>\n<ol>\n<li>Distal Tibiofibular Malreduction in Ankle Fractures Received Fibula Plate and Syndesmotic Screw Fixation<\/li>\n<\/ol>\n<p>A Y\u00fcce, M Yerli, Y Imren, SS Dedeoglu, H Cabuk, H Gurbuz<\/p>\n<p>Journal of the American Podiatric Medical Association 113 (5)<\/p>\n<ol>\n<li>Opinions of Medicine Students in Turkey on Orthopedics and Traumatology Residency and Their Expectations from the Future: National Survey Results<\/li>\n<\/ol>\n<p>K Turan, B Najjarmidani, OG Muratoglu, T Ergun, H \u00c7abuk<\/p>\n<p>Ac\u0131badem University Journal of Health Sciences 14 (3), 366-370<\/p>\n<ol>\n<li>Upper Extremity Injury Related to Wheeled Recreational Device-Hoverboard: A Case Report<\/li>\n<\/ol>\n<p>A Health, TA Giray, H Quick, T Ocak<\/p>\n<p>Journal of Emergency Medicine Case Reports 14 (2), 37-39<\/p>\n<ol>\n<li>Current approaches and problems faced by orthopedic surgeons in all-inside arthroscopic meniscus repairs<\/li>\n<\/ol>\n<p>K Turan, OG Muratoglu, T Ergun, H Cabuk, RE Erturer<\/p>\n<ol>\n<li>Is pregabalin addition to infraclavicular block, effective in distal radius surgery?<\/li>\n<\/ol>\n<p>M\u00c7 K\u0131r, V \u00d6zen, M Mutlu, H \u00c7abuk, G K\u0131r<\/p>\n<p>Journal of Academic Research in Medicine 12 (3)<\/p>\n<ol>\n<li>A novel percutaneous intrafocal reduction technique for brachialis penetrating irreducible type 4 supracondylar humerus fracture<\/li>\n<\/ol>\n<p>K Turan, H Quick<\/p>\n<p>Journal of Surgery and Medicine 6 (3), 402-404<\/p>\n<ol>\n<li>The effect of weekday preference on length of stay in unilateral bicompartmental total knee arthroplasty<\/li>\n<\/ol>\n<p>K Turan, T Ergun, OG Muratoglu, H Cabuk, C Ozturk<\/p>\n<p>Haseki Medical Bulletin<\/p>\n<ol>\n<li>Late development of peroneal palsy after total knee arthroplasty: A case report.<\/li>\n<\/ol>\n<p>K Turan, H \u00c7abuk, GO Murato\u011flu<\/p>\n<p>Sakarya Medical Journal 11 (3), 698-701<\/p>\n<ol>\n<li>M\u016f\u017ee intraartikul\u00e1rn\u011b aplikovan\u00fd 1\u03b1, 25-dihydroxyvitamin D3 p\u016fsobit terapeuticky u po\u0161kozen\u00ed kloubn\u00ed chrupavky?<\/li>\n<\/ol>\n<p>E Kuyucu, H \u00c7abuk, Y G\u00fcler, F \u00c7abuk, E Kili\u00e7, M B\u00fclb\u00fcl<\/p>\n<p>ACHOT 87 (2), 90-94<\/p>\n<ol>\n<li>Is it intraartikul\u00e1rn\u00ed pod\u00e1v\u00e1n\u00ed antibiotic effective v l\u00e9\u010db\u011b infekce zp\u016fsoben\u00e9 methicillin-rezistentn\u00edm stafylokokem?<\/li>\n<\/ol>\n<p>E Kuyucu, H \u00c7abuk, Y G\u00fcler, F \u00c7abuk, E Kili\u00e7, M B\u00fclb\u00fcl<\/p>\n<p>ACHOT 86 (4), 276-280<\/p>\n<ol>\n<li>Diagnosis and Treatment of Labrum Tears by Hip Arthroscopy<\/li>\n<\/ol>\n<p>M\u00c7 K\u0131r, H \u00c7abuk, YV S\u00f6zen-2018<\/p>\n<ol>\n<li>Mid-term functional results of surgically treated acetabulum fractures<\/li>\n<\/ol>\n<p>CD Buyukkurt, H Cabuk, A Yuce, AC Tekin, M Cakar, H Gurbuz<\/p>\n<p>Medicine 7 (3), 668-71<\/p>\n<ol>\n<li>Accuracy of Magnetic Resonance Imaging in Identifying the Configuration of Meniscus Tears<\/li>\n<\/ol>\n<p>ZN Tekin, A\u00c7 Tekin, M \u00c7akar, H \u00c7abuk, G Yirik, M Ada\u015f, MK Bayraktar, &#8230;<\/p>\n<p>Iranian Journal of Radiology 14 (4)<\/p>\n<ol>\n<li>Comparison of minimally invasive anatomic plate and LRS external fixator application in extra-articular distal tibia fractures.<\/li>\n<\/ol>\n<p>AC Tekin, Y Imren, H Fast, YC Ture, SS Dedeoglu<\/p>\n<p>Okmeydani Medical Journal 2017<\/p>\n<ol>\n<li>At What Level of Pain Should Computed Tomography Be Performed to Detect Fractures in Wrist Traumas That Cannot Be Detected Radiographically?<\/li>\n<\/ol>\n<p>AC Tekin, Y Imren, SS Dedeoglu, H Cabuk, TO Bayraktar<\/p>\n<p>Okmeydani Medical Journal 2017<\/p>\n<ol>\n<li>Fluoroscopy improves femoral stem placement in cementless total hip arthroplasty<\/li>\n<\/ol>\n<p>H Cabuk, CD Buyukkurt, SS Dedeoglu, Y Imren, AC Tekin, H Gurbuz<\/p>\n<p>Medicine Science 6 (2), 264-269<\/p>\n<ol>\n<li>P\u0159\u00edtomnost medi\u00e1ln\u00edho hrotu a obesity vede k otev\u0159en\u00e9 repozici u t\u0159et\u00edho typu suprakondylick\u00e9 zlomedeny humeru u d\u011bt\u00ed<\/li>\n<\/ol>\n<p>H \u00c7ABUK, SS DEDEO\u011eLU, M ADA\u015e, A\u00c7 TEKIN, M SEYRAN, &#8230;<\/p>\n<p>ACHOT 83 (2), 102-105 2016<\/p>\n<ol>\n<li>Sensation and Neurological Organization in the Knee<\/li>\n<\/ol>\n<p>H QUICK<\/p>\n<p>Turkiye Klinikleri Orthopaedics and Traumatology-Special Topics 9 (3), 13-17<\/p>\n<ol>\n<li>Knee arthrodesis with external fixation in infected revision knee arthroplasty: a need to use patellar autograft?<\/li>\n<\/ol>\n<p>AC Tekin, Y Imren, SS Dedeoglu, H Cabuk, TO Bayraktar<\/p>\n<p>Int J Clin Exp Med 9 (10), 19114-19121<\/p>\n<ol>\n<li>Early Stage Tibia Osteomyelitis Despite The Use of Hydroxyapatite Schanz Screws: A Case Report<\/li>\n<\/ol>\n<p>AC Tekin, M Cakar, M Adash, MK Bayraktar, H Cabuk<\/p>\n<p>Trauma Cases Rev 1 (004)<\/p>\n<ol>\n<li>Treatment Of Ingrown Toenail with a Minimally Invasive Nail Fixator: Comparative Study with Winograd Technique<\/li>\n<\/ol>\n<p>Tugrul Ergun, Mehmet Korkmaz, D Ergun, K Turan, OG Muratoglu, H \u00c7abuk<\/p>\n<ol>\n<li>Medical-grade radiation response of Ti-based High entropy alloys for orthopedic implant applications<\/li>\n<\/ol>\n<p>A Nazarahari, D Canadin\u00e7, T Bukulmez, M Canano\u011flu, H Cabuk, B Bal-OSF<\/p>\n<ol>\n<li>A comparison of minimally invasive anatomical plate and LRS external fixator in extraarticular distal tibia fractures<\/li>\n<\/ol>\n<p>AC Tekin, Y Imren, H Fast, YC Ture, SS Dedeoglu<\/p>\n<p>COMPREHENSIVE MEDICINE 9 (1), 15-22<\/p>\n<ol>\n<li>Comparison of Plate Osteosynthesis and Tension Band Technic in Simple and Comminucated Olecranon Fractures<\/li>\n<\/ol>\n<p>E\u0130 G\u00f6k\u00e7ay, H \u00c7abuk, \u0130 Kalkar, A\u00c7 Tekin, CD B\u00fcy\u00fckkurt- Okmeydan\u0131 Medical Journal<\/p>\n<ol>\n<li>How Much Pain Is Necessary To Get Computed Tomography For Fracture Diagnosis Of The Wrist Injury That Can Not Be Radiographically Detectable?<\/li>\n<\/ol>\n<p>AC Tekin, Y Imren, SS Dedeoglu, H Cabuk, TO Bayraktar Okmeydani Medical Journal<\/p>\n<ol>\n<li>A New Approach for Treatment of Bone Hydatid Cyst Disease: A Case Report of Primary Femur Hydatid Cyst<\/li>\n<\/ol>\n<p>H \u00c7abuk, AC Tekin, S Ayano\u011flu, CD B\u00fcy\u00fckkurt, H G\u00fcrb\u00fcz, FK \u00c7abuk<\/p>\n<ol>\n<li>Innovations in Orthopedic Surgery: How to Change Good to Perfect?<\/li>\n<\/ol>\n<p>H Quick<\/p>\n<h3>Professional Memberships<\/h3>\n<ol>\n<li>Turkish Sports Injuries and Arthroscopy and Knee Surgery Association, Member, 2015<\/li>\n<li>Turkish Orthopedics and Traumatology Education Council, Member, 2014<\/li>\n<li>Turkish Orthopedics and Traumatology Association, Member, 2010<\/li>\n<li>Turkish Medical Association<\/li>\n<\/ol>\n<h3>Awards and Honors<\/h3>\n<ol>\n<li>Tusyad International Travelling Education Scholarship, Turkish Sports Injuries Arthroscopy and Knee Surgery Association, 2017<\/li>\n<li>Best Experimental Study Poster Presentation Winner, Bone and Joint Surgery Association, 2016<\/li>\n<li>Dervis Manizade Science Award, Turkish Orthopedics and Traumatology Association, 2015<\/li>\n<li>25th National Turkish Orthopedics and Traumatology Congress, First Prize in Poster Category, Turkish Orthopedics and Traumatology Association, 2015<\/li>\n<\/ol>\n","protected":false},"excerpt":{"rendered":"<p>I was born in Adana in 1983. After completing my primary and secondary education, I was accepted to Mersin Science High School, then Hacettepe University English Faculty of Medicine. After graduating from medical school in 2007, I started my orthopedics and traumatology training at \u0130zmir Atat\u00fcrk Training and Research Hospital in 2008. In 2013, I [&hellip;]<\/p>\n","protected":false},"author":1,"featured_media":155,"parent":0,"menu_order":0,"comment_status":"closed","ping_status":"closed","template":"","meta":{"footnotes":""},"class_list":["post-117","page","type-page","status-publish","has-post-thumbnail","hentry"],"aioseo_notices":[],"_links":{"self":[{"href":"https:\/\/www.halukcabuk.com\/en\/wp-json\/wp\/v2\/pages\/117","targetHints":{"allow":["GET"]}}],"collection":[{"href":"https:\/\/www.halukcabuk.com\/en\/wp-json\/wp\/v2\/pages"}],"about":[{"href":"https:\/\/www.halukcabuk.com\/en\/wp-json\/wp\/v2\/types\/page"}],"author":[{"embeddable":true,"href":"https:\/\/www.halukcabuk.com\/en\/wp-json\/wp\/v2\/users\/1"}],"replies":[{"embeddable":true,"href":"https:\/\/www.halukcabuk.com\/en\/wp-json\/wp\/v2\/comments?post=117"}],"version-history":[{"count":6,"href":"https:\/\/www.halukcabuk.com\/en\/wp-json\/wp\/v2\/pages\/117\/revisions"}],"predecessor-version":[{"id":316,"href":"https:\/\/www.halukcabuk.com\/en\/wp-json\/wp\/v2\/pages\/117\/revisions\/316"}],"wp:featuredmedia":[{"embeddable":true,"href":"https:\/\/www.halukcabuk.com\/en\/wp-json\/wp\/v2\/media\/155"}],"wp:attachment":[{"href":"https:\/\/www.halukcabuk.com\/en\/wp-json\/wp\/v2\/media?parent=117"}],"curies":[{"name":"wp","href":"https:\/\/api.w.org\/{rel}","templated":true}]}}